{"id":76,"date":"2012-05-03T17:51:12","date_gmt":"2012-05-03T17:51:12","guid":{"rendered":"http:\/\/haar-und-feder.de\/?page_id=76"},"modified":"2025-12-14T17:08:34","modified_gmt":"2025-12-14T17:08:34","slug":"startseite","status":"publish","type":"page","link":"https:\/\/haar-und-feder.de\/","title":{"rendered":"Startseite"},"content":{"rendered":"<p><strong>MOIN MOIN \u00a0und HERZLICH WILLKOMMEN<\/strong><br \/>\nbei Haar und Feder e.V. &#8211; dem Verein f\u00fcr Kleintierzucht, Tierhaltung und Tierfans.<\/p>\n<p>Wir sind Z\u00fcchter und Tierfreunde und zeigen was wir k\u00f6nnen. Auf unseren Ausstellungen (z. Bsp. Kleintiertag am Pfingstmontag und Mein Tier in der Weser-Ems-Halle) \u00a0k\u00f6nnen Kinder, Jugendliche und Erwachsene sehr viel \u00fcber Tiere und Tierhaltung lernen.<br \/>\nVon kleinen V\u00f6geln, wie Sittich, Kanari und T\u00e4ubchen bis hin zur gro\u00dfen Gans &#8211; oder kleinen S\u00e4ugetieren wie Meerschweinchen, Kaninchen bis zum Schaf, Schwein oder Pferd: unser Spektrum ist breit gef\u00e4chert. Das macht uns einzigartig.<\/p>\n<p><a href=\"http:\/\/haar-und-feder.de\/wp-content\/uploads\/2012\/06\/Pfingsten2012-016.jpg\"><img loading=\"lazy\" decoding=\"async\" class=\"alignnone size-medium wp-image-609\" src=\"http:\/\/haar-und-feder.de\/wp-content\/uploads\/2012\/06\/Pfingsten2012-016-300x225.jpg\" alt=\"Pfingsten2012-016\" width=\"300\" height=\"225\" srcset=\"https:\/\/haar-und-feder.de\/wp-content\/uploads\/2012\/06\/Pfingsten2012-016-300x225.jpg 300w, https:\/\/haar-und-feder.de\/wp-content\/uploads\/2012\/06\/Pfingsten2012-016.jpg 800w\" sizes=\"(max-width: 300px) 100vw, 300px\" \/><\/a>\u00a0 \u00a0\u00a0<a href=\"http:\/\/haar-und-feder.de\/wp-content\/uploads\/2012\/05\/Pfingsten2011-011.jpg\"><img loading=\"lazy\" decoding=\"async\" class=\"alignnone size-medium wp-image-489\" src=\"http:\/\/haar-und-feder.de\/wp-content\/uploads\/2012\/05\/Pfingsten2011-011-300x225.jpg\" alt=\"Pfingsten2011-011\" width=\"300\" height=\"225\" srcset=\"https:\/\/haar-und-feder.de\/wp-content\/uploads\/2012\/05\/Pfingsten2011-011-300x225.jpg 300w, https:\/\/haar-und-feder.de\/wp-content\/uploads\/2012\/05\/Pfingsten2011-011.jpg 800w\" sizes=\"(max-width: 300px) 100vw, 300px\" \/><\/a><\/p>\n<p>Wir freuen uns auf Ihre Fragen zur Haltung und Zucht und begr\u00fcssen Sie gerne auf auf unseren Ausstellungen und bei unseren Vereinstreffen &#8211; Kinder sind immer herzlich Willkommen.<\/p>\n<p><a href=\"http:\/\/haar-und-feder.de\/wp-content\/uploads\/2012\/05\/Pfingsten2010-045.jpg\"><img loading=\"lazy\" decoding=\"async\" class=\"alignnone size-medium wp-image-545\" src=\"http:\/\/haar-und-feder.de\/wp-content\/uploads\/2012\/05\/Pfingsten2010-045-300x200.jpg\" alt=\"Pfingsten2010-045\" width=\"300\" height=\"200\" srcset=\"https:\/\/haar-und-feder.de\/wp-content\/uploads\/2012\/05\/Pfingsten2010-045-300x200.jpg 300w, https:\/\/haar-und-feder.de\/wp-content\/uploads\/2012\/05\/Pfingsten2010-045.jpg 800w\" sizes=\"(max-width: 300px) 100vw, 300px\" \/><\/a>\u00a0 \u00a0\u00a0<a href=\"http:\/\/haar-und-feder.de\/wp-content\/uploads\/2012\/05\/Mein_Tier2006-059.jpg\"><img loading=\"lazy\" decoding=\"async\" class=\"alignnone size-medium wp-image-312\" src=\"http:\/\/haar-und-feder.de\/wp-content\/uploads\/2012\/05\/Mein_Tier2006-059-300x200.jpg\" alt=\"Mein_Tier2006-059\" width=\"300\" height=\"200\" srcset=\"https:\/\/haar-und-feder.de\/wp-content\/uploads\/2012\/05\/Mein_Tier2006-059-300x200.jpg 300w, https:\/\/haar-und-feder.de\/wp-content\/uploads\/2012\/05\/Mein_Tier2006-059.jpg 800w\" sizes=\"(max-width: 300px) 100vw, 300px\" \/><\/a><\/p>\n<p>Jan Christian Laumen<br \/>\n1. Vorsitzender<\/p>\n<p>&nbsp;<\/p>\n<div id=\"attachment_1324\" style=\"width: 650px\" class=\"wp-caption aligncenter\"><img loading=\"lazy\" decoding=\"async\" aria-describedby=\"caption-attachment-1324\" class=\"size-large wp-image-1324\" src=\"http:\/\/haar-und-feder.de\/wp-content\/uploads\/2024\/11\/a10-1024x471.png\" alt=\"\" width=\"640\" height=\"294\" srcset=\"https:\/\/haar-und-feder.de\/wp-content\/uploads\/2024\/11\/a10-1024x471.png 1024w, https:\/\/haar-und-feder.de\/wp-content\/uploads\/2024\/11\/a10-300x138.png 300w, https:\/\/haar-und-feder.de\/wp-content\/uploads\/2024\/11\/a10-768x353.png 768w, https:\/\/haar-und-feder.de\/wp-content\/uploads\/2024\/11\/a10-1536x707.png 1536w, https:\/\/haar-und-feder.de\/wp-content\/uploads\/2024\/11\/a10.png 1706w\" sizes=\"(max-width: 640px) 100vw, 640px\" \/><p id=\"caption-attachment-1324\" class=\"wp-caption-text\">Mein Tier<\/p><\/div>\n","protected":false},"excerpt":{"rendered":"<p>MOIN MOIN \u00a0und HERZLICH WILLKOMMEN bei Haar und Feder e.V. &#8211; dem Verein f\u00fcr Kleintierzucht, Tierhaltung und Tierfans. Wir sind Z\u00fcchter und Tierfreunde und zeigen was wir k\u00f6nnen. Auf unseren Ausstellungen (z. Bsp. Kleintiertag am Pfingstmontag und Mein Tier in &hellip; <a href=\"https:\/\/haar-und-feder.de\/\">Weiterlesen <span class=\"meta-nav\">&rarr;<\/span><\/a><\/p>\n","protected":false},"author":1,"featured_media":0,"parent":0,"menu_order":0,"comment_status":"closed","ping_status":"closed","template":"onecolumn-page.php","meta":{"footnotes":""},"_links":{"self":[{"href":"https:\/\/haar-und-feder.de\/index.php?rest_route=\/wp\/v2\/pages\/76"}],"collection":[{"href":"https:\/\/haar-und-feder.de\/index.php?rest_route=\/wp\/v2\/pages"}],"about":[{"href":"https:\/\/haar-und-feder.de\/index.php?rest_route=\/wp\/v2\/types\/page"}],"author":[{"embeddable":true,"href":"https:\/\/haar-und-feder.de\/index.php?rest_route=\/wp\/v2\/users\/1"}],"replies":[{"embeddable":true,"href":"https:\/\/haar-und-feder.de\/index.php?rest_route=%2Fwp%2Fv2%2Fcomments&post=76"}],"version-history":[{"count":17,"href":"https:\/\/haar-und-feder.de\/index.php?rest_route=\/wp\/v2\/pages\/76\/revisions"}],"predecessor-version":[{"id":1460,"href":"https:\/\/haar-und-feder.de\/index.php?rest_route=\/wp\/v2\/pages\/76\/revisions\/1460"}],"wp:attachment":[{"href":"https:\/\/haar-und-feder.de\/index.php?rest_route=%2Fwp%2Fv2%2Fmedia&parent=76"}],"curies":[{"name":"wp","href":"https:\/\/api.w.org\/{rel}","templated":true}]}}