{"id":27,"date":"2012-04-26T19:51:06","date_gmt":"2012-04-26T19:51:06","guid":{"rendered":"http:\/\/haar-und-feder.de\/wordpress\/?page_id=27"},"modified":"2016-03-05T18:30:06","modified_gmt":"2016-03-05T18:30:06","slug":"historie","status":"publish","type":"page","link":"https:\/\/haar-und-feder.de\/?page_id=27","title":{"rendered":"Historie"},"content":{"rendered":"<p>Am 14.01.2002 trafen sich 20 Personen zu einer \u201eGr\u00fcnderversammlung des Kleintierzuchtvereins von 2002\u201c (so ersichtlich aus dem entsprechenden Protokoll). Der urspr\u00fcngliche Grund f\u00fcr dieses Treffen waren Unstimmigkeiten und Unzufriedenheit in anderen Vereinen \u2013 man gr\u00fcndete einen eigenen Verein, nahm die 20 Anwesenden auf und w\u00e4hlte einen Vorstand. Der Beitrag wurde auf 15,00 \u20ac festgelegt.<\/p>\n<p>Der 1. Vorsitzende hie\u00df Bernd Lehmkuhl. Er war mehrere Jahre organisatorisch wesentlich am Aufbau des Vereins beteiligt. Noch in 2002 stieg der Mitgliederbestand auf 36 Erwachsene und 3 Jugendliche. Eine eigene Satzung gab es noch nicht, man orientierte sich an anderen Vereinen. Zitat aus dem oben genannten Protokoll: \u201eDie Mitgliedschaft in dem Verein soll gesellig sein und sich in jeder Hinsicht von den konventionellen, eingetretenen Pfaden anderer Vereine unterscheiden.\u201c<\/p>\n<p>In der folgenden Zeit arbeiteten die Mitglieder intensiv am Aufbau des Vereins:<\/p>\n<p>&#8211; man baute Volieren,\u00a0St\u00e4lle und Z\u00e4une f\u00fcr Tierpr\u00e4sentationen<br \/>\n&#8211; informierte sich \u00fcber Tierpflege, Haltung, Ern\u00e4hrung und Bek\u00e4mpfung von Krankheiten<br \/>\n&#8211; ein Bankkonto wurde eingerichtet<br \/>\n&#8211; Einzugserm\u00e4chtigungen entworfen<br \/>\n&#8211; ein Vereinslogo entstand<br \/>\n&#8211; die eigene Hompage &#8222;ging online&#8220;<br \/>\n&#8211; trotzdem fand man immer wieder Zeit f\u00fcr Feste und Vergn\u00fcgen<\/p>\n<p>Und so war es dann schon Ende 2002 m\u00f6glich in der Weser Ems Halle im Rahmen der \u201eMein Tier\u201c eine gro\u00dfe Kleintierausstellung mit viel Erfolg zu pr\u00e4sentieren. Bis heute stellen wir bei dieser Ausstellung unsere Kleintiere aus. Wir nutzen\u00a0die M\u00f6glichkeit gegeben, unsere Tiere zu pr\u00e4sentieren, Fragen der Besucher fachkundig zu beantworten und viele Anregungen zur Zucht und Haltung zu vermitteln. Gerade f\u00fcr unsere kleinen G\u00e4ste ist auch der Streichelbereich wichtig.<br \/>\nAllen flei\u00dfigen H\u00e4nden, allen konstruktiven Ideen und der besonderen Unterst\u00fctzung durch die Weser Ems Halle danken wir an dieser Stelle..<\/p>\n<p>Pfingstsonntag 2003 ein weiterer H\u00f6hepunkt: Der \u201eTag des Kleintierz\u00fcchters\u201c in Petersfehn. Diese Pr\u00e4sentation war und ist auch heute unter dem Motto \u201eEin Tag f\u00fcr die ganze Familie\u201c angetreten. Der Eintritt ist frei. Mit selbstgebackenen Kuchen, Tee, Kaffee, belegten Br\u00f6tchen, Bratwurst, Sprudel, Cola, Wasser und auch Flaschenbier wird f\u00fcr das leibliche Wohl gesorgt. Der Verzehr wird &#8222;familienfreundlich&#8220; g\u00fcnstig angeboten und wir decken mit den Einnahmen unsere Kosten.<br \/>\nSchon bei der ersten Ausstellung erschienen ca. 1000 Besucher; \u00a02006 waren es dann fast 3000 G\u00e4ste, es bildete sich sogar an der Bratwurstausgabe eine Warteschlange. 2007 aus internen Gr\u00fcnden keine Pfingstveranstaltung. Viele Besucher aus den Vorjahren sprachen ihr Bedauern aus. 2008 geht es jetzt wieder weiter im Garten des alten Sch\u00fctzenhofs in Petersfehn. In diesem Jahr stellen wir an 2 Tagen aus (Pfingstsonntag, Pfingstmontag). Seit M\u00e4rz 2004 ist der Verein Mitglied beim BDRG. e.V. (Bund Deutscher Rassegefl\u00fcgelz\u00fcchter) und beim ZDK (Zentralverband Deutscher Kaninchenz\u00fcchter). Schnell wurde nach der ersten Freilichtausstellung aber auch klar, dass wir gro\u00dfe Zelte brauchen. Heute sind im Vereinbesitz 3 Zelte, viele kleine und gro\u00dfe Volieren, viele Meter Holzz\u00e4une und viele andere Stallungen. Alle die k\u00f6nnen wechselnd gestaltet werden. Dazu kommt noch eine beachtliche Menge Gl\u00e4ser und Geschirr f\u00fcr das Verzehrzelt. Im Jahr 2005 fand sich hierf\u00fcr gegen ein Entgelt eine Unterstellm\u00f6glichkeit mit einem Hof auf dem die immer wieder n\u00f6tigen Reparaturen durchgef\u00fchrt werden k\u00f6nnen.<\/p>\n<p>Bei den \u201eLandTageNord\u201c pr\u00e4sentiert sich der Verein in 2008 zum 4. Mal mit eine kleineren Ausstellung.<\/p>\n<p>F\u00fcr das Einkaufsland Famila haben in einfacher Besetzung schon 3 Mal ausgestellt. Auch das war gerade f\u00fcr die Kinder ein sch\u00f6nes Erlebnis. Dem Verein ist es in diesem Jahr ( 2008 ) nach m\u00fchsamer Kleinarbeit gelungen, eine verbindliche Satzung zu erstellen, \u00fcber einen Notar zur Eintragung ins Vereinsregister einzureichen und die Gemeinn\u00fctzigkeit zu beantragen. Das Finanzamt hat die Gemeinn\u00fctzigkeit schon schriftlich best\u00e4tigt. Der Vereinsnahme jetzt: \u201eHaar und Feder\u201c e. V. Kleintierzuchtverein Oldenburg und Umgebung<\/p>\n","protected":false},"excerpt":{"rendered":"<p>Am 14.01.2002 trafen sich 20 Personen zu einer \u201eGr\u00fcnderversammlung des Kleintierzuchtvereins von 2002\u201c (so ersichtlich aus dem entsprechenden Protokoll). Der urspr\u00fcngliche Grund f\u00fcr dieses Treffen waren Unstimmigkeiten und Unzufriedenheit in anderen Vereinen \u2013 man gr\u00fcndete einen eigenen Verein, nahm die &hellip; <a href=\"https:\/\/haar-und-feder.de\/?page_id=27\">Weiterlesen <span class=\"meta-nav\">&rarr;<\/span><\/a><\/p>\n","protected":false},"author":1,"featured_media":0,"parent":25,"menu_order":0,"comment_status":"closed","ping_status":"closed","template":"onecolumn-page.php","meta":{"footnotes":""},"_links":{"self":[{"href":"https:\/\/haar-und-feder.de\/index.php?rest_route=\/wp\/v2\/pages\/27"}],"collection":[{"href":"https:\/\/haar-und-feder.de\/index.php?rest_route=\/wp\/v2\/pages"}],"about":[{"href":"https:\/\/haar-und-feder.de\/index.php?rest_route=\/wp\/v2\/types\/page"}],"author":[{"embeddable":true,"href":"https:\/\/haar-und-feder.de\/index.php?rest_route=\/wp\/v2\/users\/1"}],"replies":[{"embeddable":true,"href":"https:\/\/haar-und-feder.de\/index.php?rest_route=%2Fwp%2Fv2%2Fcomments&post=27"}],"version-history":[{"count":5,"href":"https:\/\/haar-und-feder.de\/index.php?rest_route=\/wp\/v2\/pages\/27\/revisions"}],"predecessor-version":[{"id":1016,"href":"https:\/\/haar-und-feder.de\/index.php?rest_route=\/wp\/v2\/pages\/27\/revisions\/1016"}],"up":[{"embeddable":true,"href":"https:\/\/haar-und-feder.de\/index.php?rest_route=\/wp\/v2\/pages\/25"}],"wp:attachment":[{"href":"https:\/\/haar-und-feder.de\/index.php?rest_route=%2Fwp%2Fv2%2Fmedia&parent=27"}],"curies":[{"name":"wp","href":"https:\/\/api.w.org\/{rel}","templated":true}]}}