{"id":2,"date":"2012-04-21T17:33:26","date_gmt":"2012-04-21T17:33:26","guid":{"rendered":"http:\/\/haar-und-feder.de\/wordpress\/?page_id=2"},"modified":"2016-03-05T17:39:01","modified_gmt":"2016-03-05T17:39:01","slug":"aktuelles","status":"publish","type":"page","link":"https:\/\/haar-und-feder.de\/?page_id=2","title":{"rendered":"Kleintiertag 2015"},"content":{"rendered":"<p>Der Kleintierzuchtverein Haar und Feder l\u00e4dt \u00a0herzlich zum beliebten (Familien)- Kleintiertag am Pfingstmontag ein.<\/p>\n<p>Seit dem Jahre 2003 veranstalten wir am Pfingstmontag den Kleintiertag f\u00fcr die ganze Familie. Fr\u00fcher in Petersfehn auf dem Sch\u00fctzenplatz &#8211; seit einigen Jahren auf dem Gel\u00e4nde der Brieftaubenreisevereinigung Oldenburg, Am Fliegerhorst 37, 26215 Wiefelstede.<\/p>\n<p><a href=\"http:\/\/haar-und-feder.de\/wp-content\/uploads\/2015\/05\/anr-e1431869935478.jpg\"><img loading=\"lazy\" decoding=\"async\" class=\"alignnone wp-image-808 size-full\" src=\"http:\/\/haar-und-feder.de\/wp-content\/uploads\/2015\/05\/anr-e1431869935478.jpg\" alt=\"anr\" width=\"296\" height=\"219\" \/><\/a>\u00a0 \u00a0 \u00a0 \u00a0 \u00a0\u00a0<a href=\"http:\/\/haar-und-feder.de\/wp-content\/uploads\/2015\/05\/anr1-e1431869959575.jpg\"><img loading=\"lazy\" decoding=\"async\" class=\"alignnone wp-image-811 size-full\" src=\"http:\/\/haar-und-feder.de\/wp-content\/uploads\/2015\/05\/anr1-e1431869959575.jpg\" alt=\"anr1\" width=\"278\" height=\"219\" \/><\/a><br \/>\n<strong>Anfahrt:<br \/>\nNeben K\u00f6hnke\u00b4s Hotel, Metjendorfer Landstra\u00dfe 18, 26215 Wiefelstede in den Ostkamp einbiegen, dann links Am Fliegerhorst &#8211; bis zum Ende fahren&#8230;.<\/strong><\/p>\n<p><a href=\"http:\/\/haar-und-feder.de\/wp-content\/uploads\/2015\/05\/flyer.jpg\"><img loading=\"lazy\" decoding=\"async\" class=\"alignnone size-medium wp-image-831\" src=\"http:\/\/haar-und-feder.de\/wp-content\/uploads\/2015\/05\/flyer-212x300.jpg\" alt=\"flyer\" width=\"212\" height=\"300\" srcset=\"https:\/\/haar-und-feder.de\/wp-content\/uploads\/2015\/05\/flyer-212x300.jpg 212w, https:\/\/haar-und-feder.de\/wp-content\/uploads\/2015\/05\/flyer.jpg 392w\" sizes=\"(max-width: 212px) 100vw, 212px\" \/><\/a>\u00a0 \u00a0 \u00a0 \u00a0 \u00a0 \u00a0 \u00a0 \u00a0 \u00a0 \u00a0 \u00a0 \u00a0 \u00a0 \u00a0 \u00a0 \u00a0 \u00a0 \u00a0 \u00a0 \u00a0 \u00a0 \u00a0 \u00a0 \u00a0<a href=\"http:\/\/haar-und-feder.de\/wp-content\/uploads\/2015\/05\/plakat.jpg\"><img loading=\"lazy\" decoding=\"async\" class=\"alignnone size-medium wp-image-830\" src=\"http:\/\/haar-und-feder.de\/wp-content\/uploads\/2015\/05\/plakat-210x300.jpg\" alt=\"plakat\" width=\"210\" height=\"300\" srcset=\"https:\/\/haar-und-feder.de\/wp-content\/uploads\/2015\/05\/plakat-210x300.jpg 210w, https:\/\/haar-und-feder.de\/wp-content\/uploads\/2015\/05\/plakat.jpg 416w\" sizes=\"(max-width: 210px) 100vw, 210px\" \/><\/a><\/p>\n<p><a href=\"http:\/\/haar-und-feder.de\/wp-content\/uploads\/2015\/05\/flyer_2015.pdf\" target=\"_blank\">FLYER_2015<\/a>\u00a0 \u00a0 \u00a0 \u00a0 \u00a0 \u00a0 \u00a0 \u00a0 \u00a0 \u00a0 \u00a0 \u00a0 \u00a0 \u00a0 \u00a0 \u00a0 \u00a0 \u00a0 \u00a0 \u00a0 \u00a0 \u00a0 \u00a0 \u00a0 \u00a0 \u00a0 \u00a0 \u00a0 \u00a0 \u00a0 \u00a0 \u00a0 \u00a0 \u00a0 \u00a0 \u00a0 \u00a0 \u00a0<a href=\"http:\/\/haar-und-feder.de\/wp-content\/uploads\/2015\/05\/plakat_2015_.pdf\" target=\"_blank\">PLAKAT _2015<br \/>\n<\/a><br \/>\nWir w\u00fcrden uns sehr freuen, viele Tierfreunde am Pfingstmontag begr\u00fc\u00dfen zu k\u00f6nnen.<br \/>\nZu finden sind wir ganz einfach: Bei K\u00f6hnke\u00b4s Hotel, Metjendorfer Landstra\u00dfe 18, 26215 Wiefelstede in die Stra\u00dfe \u201eAm Ostkamp\u201c fahren, n\u00e4chste Stra\u00dfe links \u201eAm Fliegerhorst\u201c und bis zum Ende geradeaus fahren.<\/p>\n","protected":false},"excerpt":{"rendered":"<p>Der Kleintierzuchtverein Haar und Feder l\u00e4dt \u00a0herzlich zum beliebten (Familien)- Kleintiertag am Pfingstmontag ein. Seit dem Jahre 2003 veranstalten wir am Pfingstmontag den Kleintiertag f\u00fcr die ganze Familie. Fr\u00fcher in Petersfehn auf dem Sch\u00fctzenplatz &#8211; seit einigen Jahren auf dem &hellip; <a href=\"https:\/\/haar-und-feder.de\/?page_id=2\">Weiterlesen <span class=\"meta-nav\">&rarr;<\/span><\/a><\/p>\n","protected":false},"author":1,"featured_media":0,"parent":0,"menu_order":0,"comment_status":"closed","ping_status":"closed","template":"onecolumn-page.php","meta":{"footnotes":""},"_links":{"self":[{"href":"https:\/\/haar-und-feder.de\/index.php?rest_route=\/wp\/v2\/pages\/2"}],"collection":[{"href":"https:\/\/haar-und-feder.de\/index.php?rest_route=\/wp\/v2\/pages"}],"about":[{"href":"https:\/\/haar-und-feder.de\/index.php?rest_route=\/wp\/v2\/types\/page"}],"author":[{"embeddable":true,"href":"https:\/\/haar-und-feder.de\/index.php?rest_route=\/wp\/v2\/users\/1"}],"replies":[{"embeddable":true,"href":"https:\/\/haar-und-feder.de\/index.php?rest_route=%2Fwp%2Fv2%2Fcomments&post=2"}],"version-history":[{"count":19,"href":"https:\/\/haar-und-feder.de\/index.php?rest_route=\/wp\/v2\/pages\/2\/revisions"}],"predecessor-version":[{"id":1000,"href":"https:\/\/haar-und-feder.de\/index.php?rest_route=\/wp\/v2\/pages\/2\/revisions\/1000"}],"wp:attachment":[{"href":"https:\/\/haar-und-feder.de\/index.php?rest_route=%2Fwp%2Fv2%2Fmedia&parent=2"}],"curies":[{"name":"wp","href":"https:\/\/api.w.org\/{rel}","templated":true}]}}