{"id":167,"date":"2012-05-06T08:14:53","date_gmt":"2012-05-06T08:14:53","guid":{"rendered":"http:\/\/haar-und-feder.de\/?page_id=167"},"modified":"2015-05-22T21:50:38","modified_gmt":"2015-05-22T21:50:38","slug":"tag-der-kleintierzuchter","status":"publish","type":"page","link":"https:\/\/haar-und-feder.de\/?page_id=167","title":{"rendered":"Kleintiertag an Pfingsten"},"content":{"rendered":"<p>Seit dem Jahre 2003 veranstalten wir am Pfingstmontag den Kleintiertag f\u00fcr die ganze Familie. Fr\u00fcher in Petersfehn auf dem Sch\u00fctzenplatz &#8211; seit einigen Jahren auf dem Gel\u00e4nde der Brieftaubenreisevereinigung Oldenburg, Am Fliegerhorst 37, 26215 Wiefelstede.<\/p>\n<p><a href=\"http:\/\/haar-und-feder.de\/wp-content\/uploads\/2015\/05\/anr-e1431869935478.jpg\"><img loading=\"lazy\" decoding=\"async\" class=\"alignnone wp-image-808 size-full\" src=\"http:\/\/haar-und-feder.de\/wp-content\/uploads\/2015\/05\/anr-e1431869935478.jpg\" alt=\"anr\" width=\"296\" height=\"219\" \/><\/a>\u00a0 \u00a0 \u00a0 \u00a0 \u00a0\u00a0<a href=\"http:\/\/haar-und-feder.de\/wp-content\/uploads\/2015\/05\/anr1-e1431869959575.jpg\"><img loading=\"lazy\" decoding=\"async\" class=\"alignnone wp-image-811 size-full\" src=\"http:\/\/haar-und-feder.de\/wp-content\/uploads\/2015\/05\/anr1-e1431869959575.jpg\" alt=\"anr1\" width=\"278\" height=\"219\" \/><\/a><br \/>\n<strong>Anfahrt:<br \/>\nNeben K\u00f6hnke\u00b4s Hotel, Metjendorfer Landstra\u00dfe 18, 26215 Wiefelstede in den Ostkamp einbiegen, dann links Am Fliegerhorst &#8211; bis zum Ende fahren&#8230;.<\/strong><\/p>\n","protected":false},"excerpt":{"rendered":"<p>Seit dem Jahre 2003 veranstalten wir am Pfingstmontag den Kleintiertag f\u00fcr die ganze Familie. Fr\u00fcher in Petersfehn auf dem Sch\u00fctzenplatz &#8211; seit einigen Jahren auf dem Gel\u00e4nde der Brieftaubenreisevereinigung Oldenburg, Am Fliegerhorst 37, 26215 Wiefelstede. \u00a0 \u00a0 \u00a0 \u00a0 \u00a0\u00a0 &hellip; <a href=\"https:\/\/haar-und-feder.de\/?page_id=167\">Weiterlesen <span class=\"meta-nav\">&rarr;<\/span><\/a><\/p>\n","protected":false},"author":1,"featured_media":0,"parent":46,"menu_order":0,"comment_status":"closed","ping_status":"closed","template":"onecolumn-page.php","meta":{"footnotes":""},"_links":{"self":[{"href":"https:\/\/haar-und-feder.de\/index.php?rest_route=\/wp\/v2\/pages\/167"}],"collection":[{"href":"https:\/\/haar-und-feder.de\/index.php?rest_route=\/wp\/v2\/pages"}],"about":[{"href":"https:\/\/haar-und-feder.de\/index.php?rest_route=\/wp\/v2\/types\/page"}],"author":[{"embeddable":true,"href":"https:\/\/haar-und-feder.de\/index.php?rest_route=\/wp\/v2\/users\/1"}],"replies":[{"embeddable":true,"href":"https:\/\/haar-und-feder.de\/index.php?rest_route=%2Fwp%2Fv2%2Fcomments&post=167"}],"version-history":[{"count":4,"href":"https:\/\/haar-und-feder.de\/index.php?rest_route=\/wp\/v2\/pages\/167\/revisions"}],"predecessor-version":[{"id":860,"href":"https:\/\/haar-und-feder.de\/index.php?rest_route=\/wp\/v2\/pages\/167\/revisions\/860"}],"up":[{"embeddable":true,"href":"https:\/\/haar-und-feder.de\/index.php?rest_route=\/wp\/v2\/pages\/46"}],"wp:attachment":[{"href":"https:\/\/haar-und-feder.de\/index.php?rest_route=%2Fwp%2Fv2%2Fmedia&parent=167"}],"curies":[{"name":"wp","href":"https:\/\/api.w.org\/{rel}","templated":true}]}}