{"id":1436,"date":"2025-12-10T14:22:10","date_gmt":"2025-12-10T14:22:10","guid":{"rendered":"https:\/\/haar-und-feder.de\/?page_id=1436"},"modified":"2025-12-10T17:57:00","modified_gmt":"2025-12-10T17:57:00","slug":"leih-brueter","status":"publish","type":"page","link":"https:\/\/haar-und-feder.de\/?page_id=1436","title":{"rendered":"Leih-Br\u00fcter"},"content":{"rendered":"\n<figure class=\"wp-block-image size-full is-resized\"><img loading=\"lazy\" decoding=\"async\" width=\"787\" height=\"374\" src=\"https:\/\/haar-und-feder.de\/wp-content\/uploads\/2025\/12\/br1.png\" alt=\"\" class=\"wp-image-1437\" style=\"width:700px\" srcset=\"https:\/\/haar-und-feder.de\/wp-content\/uploads\/2025\/12\/br1.png 787w, https:\/\/haar-und-feder.de\/wp-content\/uploads\/2025\/12\/br1-300x143.png 300w, https:\/\/haar-und-feder.de\/wp-content\/uploads\/2025\/12\/br1-768x365.png 768w\" sizes=\"(max-width: 787px) 100vw, 787px\" \/><\/figure>\n\n\n\n<p><strong>Vom Wunder des Lebens \u2013 K\u00fcken erleben mit Herz und Verstand \u2728<\/strong><\/p>\n\n\n\n<p>Mit unserem Schaubr\u00fcterprojekt des Kleintierzuchtvereins Haar und Feder e.V. schenken wir Kindern ein ganz besonderes Erlebnis: Sie d\u00fcrfen hautnah miterleben, wie aus einem Ei neues Leben entsteht.<\/p>\n\n\n\n<p>21 Tage lang geschieht ein kleines Wunder \u2013 still, behutsam und voller Spannung. Jeden Tag w\u00e4chst im Inneren des Eis ein K\u00fcken heran. Die Kinder beobachten, staunen, stellen Fragen, lernen \u2013 und fiebern dem gro\u00dfen Moment entgegen: dem Schlupf. Wenn das K\u00fcken sich seinen Weg ins Leben bahnt, liegt echte Magie in der Luft.<\/p>\n\n\n\n<p><\/p>\n\n\n\n<figure class=\"wp-block-image size-full is-resized\"><img loading=\"lazy\" decoding=\"async\" width=\"848\" height=\"494\" src=\"https:\/\/haar-und-feder.de\/wp-content\/uploads\/2025\/12\/br2.png\" alt=\"\" class=\"wp-image-1438\" style=\"width:700px\" srcset=\"https:\/\/haar-und-feder.de\/wp-content\/uploads\/2025\/12\/br2.png 848w, https:\/\/haar-und-feder.de\/wp-content\/uploads\/2025\/12\/br2-300x175.png 300w, https:\/\/haar-und-feder.de\/wp-content\/uploads\/2025\/12\/br2-768x447.png 768w\" sizes=\"(max-width: 848px) 100vw, 848px\" \/><\/figure>\n\n\n\n<p><\/p>\n\n\n\n<p>Begleitet wird dieses besondere Projekt durch anschauliche Schautafeln, kindgerechte Erkl\u00e4rungen und p\u00e4dagogische Unterst\u00fctzung. Spielerisch lernen die Kinder den Kreislauf des Lebens kennen, entwickeln Verantwortungsgef\u00fchl, Geduld und einen respektvollen Umgang mit Tieren.<\/p>\n\n\n\n<p>Und das Erlebnis endet nicht mit dem Schlupf:<br>Die K\u00fcken d\u00fcrfen noch eine Woche in der Schule oder im Kindergarten bleiben. In dieser Zeit entsteht oft eine ganz besondere Bindung. Die Kinder f\u00fcttern, beobachten, besch\u00fctzen und lernen, was es hei\u00dft, Verantwortung f\u00fcr ein Lebewesen zu \u00fcbernehmen.<\/p>\n\n\n\n<p><\/p>\n\n\n\n<figure class=\"wp-block-image size-full is-resized\"><img loading=\"lazy\" decoding=\"async\" width=\"468\" height=\"304\" src=\"https:\/\/haar-und-feder.de\/wp-content\/uploads\/2025\/12\/br3.png\" alt=\"\" class=\"wp-image-1439\" style=\"width:700px\" srcset=\"https:\/\/haar-und-feder.de\/wp-content\/uploads\/2025\/12\/br3.png 468w, https:\/\/haar-und-feder.de\/wp-content\/uploads\/2025\/12\/br3-300x195.png 300w\" sizes=\"(max-width: 468px) 100vw, 468px\" \/><\/figure>\n\n\n\n<p><\/p>\n\n\n\n<p>Dieses Projekt schafft nicht nur Wissen \u2013 es schenkt Staunen, Mitgef\u00fchl, Begeisterung und unvergessliche Erinnerungen.<\/p>\n\n\n\n<p><strong>Ein Erlebnis, das Herzen ber\u00fchrt und f\u00fcrs Leben pr\u00e4gt.<br>Gemeinsam mit dem Kleintierzuchtverein Haar und Feder e.V. bringen wir das Wunder des Lebens direkt zu den Kindern.<\/strong><\/p>\n","protected":false},"excerpt":{"rendered":"<p>Vom Wunder des Lebens \u2013 K\u00fcken erleben mit Herz und Verstand \u2728 Mit unserem Schaubr\u00fcterprojekt des Kleintierzuchtvereins Haar und Feder e.V. schenken wir Kindern ein ganz besonderes Erlebnis: Sie d\u00fcrfen hautnah miterleben, wie aus einem Ei neues Leben entsteht. 21 &hellip; <a href=\"https:\/\/haar-und-feder.de\/?page_id=1436\">Weiterlesen <span class=\"meta-nav\">&rarr;<\/span><\/a><\/p>\n","protected":false},"author":2,"featured_media":0,"parent":0,"menu_order":0,"comment_status":"closed","ping_status":"closed","template":"onecolumn-page.php","meta":{"footnotes":""},"_links":{"self":[{"href":"https:\/\/haar-und-feder.de\/index.php?rest_route=\/wp\/v2\/pages\/1436"}],"collection":[{"href":"https:\/\/haar-und-feder.de\/index.php?rest_route=\/wp\/v2\/pages"}],"about":[{"href":"https:\/\/haar-und-feder.de\/index.php?rest_route=\/wp\/v2\/types\/page"}],"author":[{"embeddable":true,"href":"https:\/\/haar-und-feder.de\/index.php?rest_route=\/wp\/v2\/users\/2"}],"replies":[{"embeddable":true,"href":"https:\/\/haar-und-feder.de\/index.php?rest_route=%2Fwp%2Fv2%2Fcomments&post=1436"}],"version-history":[{"count":3,"href":"https:\/\/haar-und-feder.de\/index.php?rest_route=\/wp\/v2\/pages\/1436\/revisions"}],"predecessor-version":[{"id":1452,"href":"https:\/\/haar-und-feder.de\/index.php?rest_route=\/wp\/v2\/pages\/1436\/revisions\/1452"}],"wp:attachment":[{"href":"https:\/\/haar-und-feder.de\/index.php?rest_route=%2Fwp%2Fv2%2Fmedia&parent=1436"}],"curies":[{"name":"wp","href":"https:\/\/api.w.org\/{rel}","templated":true}]}}