{"id":1423,"date":"2025-12-10T13:56:47","date_gmt":"2025-12-10T13:56:47","guid":{"rendered":"https:\/\/haar-und-feder.de\/?page_id=1423"},"modified":"2025-12-10T14:24:57","modified_gmt":"2025-12-10T14:24:57","slug":"mobiler-stall","status":"publish","type":"page","link":"https:\/\/haar-und-feder.de\/?page_id=1423","title":{"rendered":"Mobiler Stall"},"content":{"rendered":"\n<figure class=\"wp-block-image size-full\"><img loading=\"lazy\" decoding=\"async\" width=\"759\" height=\"605\" src=\"https:\/\/haar-und-feder.de\/wp-content\/uploads\/2025\/12\/h3.png\" alt=\"\" class=\"wp-image-1431\" srcset=\"https:\/\/haar-und-feder.de\/wp-content\/uploads\/2025\/12\/h3.png 759w, https:\/\/haar-und-feder.de\/wp-content\/uploads\/2025\/12\/h3-300x239.png 300w\" sizes=\"(max-width: 759px) 100vw, 759px\" \/><\/figure>\n\n\n\n<p><br>\u201eViele Menschen, auch Familien mit Kindern, lieb\u00e4ugeln mit der Haltung von H\u00fchnern. Meistens haben sie jedoch keine Vorstellung davon, wie aufwendig das Ganze ist. Die Tiere m\u00fcssen morgens aus dem Stall gelassen und abends hineingebracht werden, sie brauchen Wasser und Futter, und man muss immer wieder nachsehen, ob es ihnen gut geht.  <\/p>\n\n\n\n<figure class=\"wp-block-image size-full\"><img loading=\"lazy\" decoding=\"async\" width=\"941\" height=\"513\" src=\"https:\/\/haar-und-feder.de\/wp-content\/uploads\/2025\/12\/h5.png\" alt=\"\" class=\"wp-image-1432\" srcset=\"https:\/\/haar-und-feder.de\/wp-content\/uploads\/2025\/12\/h5.png 941w, https:\/\/haar-und-feder.de\/wp-content\/uploads\/2025\/12\/h5-300x164.png 300w, https:\/\/haar-und-feder.de\/wp-content\/uploads\/2025\/12\/h5-768x419.png 768w\" sizes=\"(max-width: 941px) 100vw, 941px\" \/><\/figure>\n\n\n\n<p>Um es einfach einmal auszuprobieren, bietet der Verein \u201eHaar und Feder e.V.\u201c jetzt einen  mobilen Stall zum Mieten in Oldenburg und der Umgebung an. Befestigt ist dieser auf einem Bollerwagen. Dazu gibt\u2019s einen 25 Meter langen Steckzaun f\u00fcr den Auslauf im Garten. H\u00fchnerfans k\u00f6nnen sich damit unter fachkundiger Aufsicht vier Wochen lang in der Haltung von H\u00fchnern probieren. Daher geh\u00f6ren auch drei Hennen dazu \u2013 mit oder ohne Hahn.<\/p>\n\n\n\n<figure class=\"wp-block-image size-full\"><img loading=\"lazy\" decoding=\"async\" width=\"954\" height=\"540\" src=\"https:\/\/haar-und-feder.de\/wp-content\/uploads\/2025\/12\/h4.png\" alt=\"\" class=\"wp-image-1433\" srcset=\"https:\/\/haar-und-feder.de\/wp-content\/uploads\/2025\/12\/h4.png 954w, https:\/\/haar-und-feder.de\/wp-content\/uploads\/2025\/12\/h4-300x170.png 300w, https:\/\/haar-und-feder.de\/wp-content\/uploads\/2025\/12\/h4-768x435.png 768w\" sizes=\"(max-width: 954px) 100vw, 954px\" \/><\/figure>\n\n\n\n<p><strong>So funktioniert das Ausleihen des mobilen Stalls<\/strong><br>Die H\u00fchner auf Probe gibt es samt Stall, einem ausf\u00fchrlichen \u00dcbergabegespr\u00e4ch und einer \u201eH\u00fchneranleitung\u201c. Bei Fragen kann sich der Mieter jederzeit via Telefon, WhatsApp oder Mail an den Verein \u201eHaar und Feder\u201c wenden.<br>Die Legeleistung muss zur Einsch\u00e4tzung des Gesundheitszustands vom Mieter t\u00e4glich dokumentiert werden.<br>Kontrolliert wird einmal w\u00f6chentlich. L\u00e4sst beispielsweise die Legeleistung pl\u00f6tzlich nach, wei\u00df man sofort, dass etwas nicht stimmt.<br>Weitere Informationen erteilt Jan Christian Laumen unter 0441\/72676.<\/p>\n\n\n\n<figure class=\"wp-block-image size-full\"><img loading=\"lazy\" decoding=\"async\" width=\"907\" height=\"610\" src=\"https:\/\/haar-und-feder.de\/wp-content\/uploads\/2025\/12\/h2.png\" alt=\"\" class=\"wp-image-1434\" srcset=\"https:\/\/haar-und-feder.de\/wp-content\/uploads\/2025\/12\/h2.png 907w, https:\/\/haar-und-feder.de\/wp-content\/uploads\/2025\/12\/h2-300x202.png 300w, https:\/\/haar-und-feder.de\/wp-content\/uploads\/2025\/12\/h2-768x517.png 768w\" sizes=\"(max-width: 907px) 100vw, 907px\" \/><\/figure>\n\n\n\n<figure class=\"wp-block-image size-large\"><img loading=\"lazy\" decoding=\"async\" width=\"709\" height=\"1024\" src=\"http:\/\/haar-und-feder.de\/wp-content\/uploads\/2024\/11\/Screenshot_20241111_111343_NW_ePaper1-e1731420946209-709x1024.jpg\" alt=\"\" class=\"wp-image-1372\" srcset=\"https:\/\/haar-und-feder.de\/wp-content\/uploads\/2024\/11\/Screenshot_20241111_111343_NW_ePaper1-e1731420946209-709x1024.jpg 709w, https:\/\/haar-und-feder.de\/wp-content\/uploads\/2024\/11\/Screenshot_20241111_111343_NW_ePaper1-e1731420946209-208x300.jpg 208w, https:\/\/haar-und-feder.de\/wp-content\/uploads\/2024\/11\/Screenshot_20241111_111343_NW_ePaper1-e1731420946209-768x1110.jpg 768w, https:\/\/haar-und-feder.de\/wp-content\/uploads\/2024\/11\/Screenshot_20241111_111343_NW_ePaper1-e1731420946209-1063x1536.jpg 1063w, https:\/\/haar-und-feder.de\/wp-content\/uploads\/2024\/11\/Screenshot_20241111_111343_NW_ePaper1-e1731420946209.jpg 1200w\" sizes=\"(max-width: 709px) 100vw, 709px\" \/><\/figure>\n","protected":false},"excerpt":{"rendered":"<p>\u201eViele Menschen, auch Familien mit Kindern, lieb\u00e4ugeln mit der Haltung von H\u00fchnern. Meistens haben sie jedoch keine Vorstellung davon, wie aufwendig das Ganze ist. Die Tiere m\u00fcssen morgens aus dem Stall gelassen und abends hineingebracht werden, sie brauchen Wasser und &hellip; <a href=\"https:\/\/haar-und-feder.de\/?page_id=1423\">Weiterlesen <span class=\"meta-nav\">&rarr;<\/span><\/a><\/p>\n","protected":false},"author":2,"featured_media":0,"parent":0,"menu_order":0,"comment_status":"closed","ping_status":"closed","template":"onecolumn-page.php","meta":{"footnotes":""},"_links":{"self":[{"href":"https:\/\/haar-und-feder.de\/index.php?rest_route=\/wp\/v2\/pages\/1423"}],"collection":[{"href":"https:\/\/haar-und-feder.de\/index.php?rest_route=\/wp\/v2\/pages"}],"about":[{"href":"https:\/\/haar-und-feder.de\/index.php?rest_route=\/wp\/v2\/types\/page"}],"author":[{"embeddable":true,"href":"https:\/\/haar-und-feder.de\/index.php?rest_route=\/wp\/v2\/users\/2"}],"replies":[{"embeddable":true,"href":"https:\/\/haar-und-feder.de\/index.php?rest_route=%2Fwp%2Fv2%2Fcomments&post=1423"}],"version-history":[{"count":5,"href":"https:\/\/haar-und-feder.de\/index.php?rest_route=\/wp\/v2\/pages\/1423\/revisions"}],"predecessor-version":[{"id":1442,"href":"https:\/\/haar-und-feder.de\/index.php?rest_route=\/wp\/v2\/pages\/1423\/revisions\/1442"}],"wp:attachment":[{"href":"https:\/\/haar-und-feder.de\/index.php?rest_route=%2Fwp%2Fv2%2Fmedia&parent=1423"}],"curies":[{"name":"wp","href":"https:\/\/api.w.org\/{rel}","templated":true}]}}